{"id":485,"date":"2024-11-28T14:24:28","date_gmt":"2024-11-28T07:24:28","guid":{"rendered":"https:\/\/huahingifts.com\/?post_type=product&#038;p=485"},"modified":"2024-12-06T20:55:47","modified_gmt":"2024-12-06T13:55:47","slug":"sonnenblume","status":"publish","type":"product","link":"https:\/\/huahingifts.com\/?product=sonnenblume","title":{"rendered":"Buchstaben (Initialen) deiner Wahl"},"content":{"rendered":"<p>Buchstaben (Initialen) deiner Wahl mit Sonnenblume und 2x 100 THB als Schmetterling (inklusive)\u00a0 und LED<\/p>\n<p>Geldscheine k\u00f6nnen auf Wunsch in jeder W\u00e4hrung selbst eingef\u00fcgt werden.<\/p>\n<p>Die Fotos zeigen Beispiele mit verschiedenen Buchstaben und Geldbetr\u00e4gen<\/p>\n<p>Die Buchstaben HBD und Schleife k\u00f6nnen auf Wunsch ge\u00e4ndert werde. Bitte kontaktiere mich.<\/p>\n","protected":false},"excerpt":{"rendered":"<p>Buchstaben (Initialen) deiner Wahl mit Sonnenblume und 2x 100 THB als Schmetterling (inklusive)\u00a0 und LED<\/p>\n<p>200 THB also bereits inklusive<\/p>\n<p>Geldscheine k\u00f6nnen auf Wunsch in jeder W\u00e4hrung selbst eingef\u00fcgt werden.<\/p>\n","protected":false},"featured_media":32,"comment_status":"open","ping_status":"closed","template":"","meta":[],"product_brand":[],"product_cat":[32,29,27,30],"product_tag":[],"class_list":{"0":"post-485","1":"product","2":"type-product","3":"status-publish","4":"has-post-thumbnail","6":"product_cat-geburtstag","7":"product_cat-liebe","8":"product_cat-valentin","9":"product_cat-verschiedenes","11":"first","12":"instock","13":"shipping-taxable","14":"purchasable","15":"product-type-simple"},"_links":{"self":[{"href":"https:\/\/huahingifts.com\/index.php?rest_route=\/wp\/v2\/product\/485","targetHints":{"allow":["GET"]}}],"collection":[{"href":"https:\/\/huahingifts.com\/index.php?rest_route=\/wp\/v2\/product"}],"about":[{"href":"https:\/\/huahingifts.com\/index.php?rest_route=\/wp\/v2\/types\/product"}],"replies":[{"embeddable":true,"href":"https:\/\/huahingifts.com\/index.php?rest_route=%2Fwp%2Fv2%2Fcomments&post=485"}],"wp:featuredmedia":[{"embeddable":true,"href":"https:\/\/huahingifts.com\/index.php?rest_route=\/wp\/v2\/media\/32"}],"wp:attachment":[{"href":"https:\/\/huahingifts.com\/index.php?rest_route=%2Fwp%2Fv2%2Fmedia&parent=485"}],"wp:term":[{"taxonomy":"product_brand","embeddable":true,"href":"https:\/\/huahingifts.com\/index.php?rest_route=%2Fwp%2Fv2%2Fproduct_brand&post=485"},{"taxonomy":"product_cat","embeddable":true,"href":"https:\/\/huahingifts.com\/index.php?rest_route=%2Fwp%2Fv2%2Fproduct_cat&post=485"},{"taxonomy":"product_tag","embeddable":true,"href":"https:\/\/huahingifts.com\/index.php?rest_route=%2Fwp%2Fv2%2Fproduct_tag&post=485"}],"curies":[{"name":"wp","href":"https:\/\/api.w.org\/{rel}","templated":true}]}}