{"id":13,"date":"2024-11-21T06:44:14","date_gmt":"2024-11-21T06:44:14","guid":{"rendered":"https:\/\/huahingifts.com\/?page_id=13"},"modified":"2024-12-07T18:18:14","modified_gmt":"2024-12-07T11:18:14","slug":"willkommen-auf-hongs-hua-hin-gift-shop","status":"publish","type":"page","link":"https:\/\/huahingifts.com\/","title":{"rendered":"Willkommen auf Hong\u00b4s Hua Hin Gift Shop"},"content":{"rendered":"\r\n<p>Hier kannst du wundersch\u00f6ne Geschenke f\u00fcr deine Liebsten oder dich selbst kaufen.<\/p>\r\n\r\n\r\n\r\n<p>Alles ist reine Handarbeit und wird mit viel Liebe von Hong selbst hergestellt.<\/p>\r\n\r\n\r\n\r\n<p>Selbstverst\u00e4ndlich sind auf Anfrage auch \u00c4nderungen oder eigene Kreationen m\u00f6glich. Nutze dazu einfach die <a href=\"https:\/\/huahingifts.com\/?page_id=549\">Kontaktm\u00f6glichkeiten<\/a><\/p>\r\n\r\n\r\n\r\n<div class=\"wp-block-spacer\" style=\"height: 100px;\" aria-hidden=\"true\">\u00a0<\/div>\r\n\r\n\r\n\r\n<p>Folge mir auf Social Media<\/p>\r\n\r\n\r\n<ul class=\"wp-block-social-links is-layout-flex wp-block-social-links-is-layout-flex\">\n<li class=\"wp-social-link wp-social-link-facebook  wp-block-social-link\"><a href=\"https:\/\/www.facebook.com\/parinyewadi.wongklom\" class=\"wp-block-social-link-anchor\"><svg width=\"24\" height=\"24\" viewBox=\"0 0 24 24\" version=\"1.1\" xmlns=\"http:\/\/www.w3.org\/2000\/svg\" aria-hidden=\"true\" focusable=\"false\"><path d=\"M12 2C6.5 2 2 6.5 2 12c0 5 3.7 9.1 8.4 9.9v-7H7.9V12h2.5V9.8c0-2.5 1.5-3.9 3.8-3.9 1.1 0 2.2.2 2.2.2v2.5h-1.3c-1.2 0-1.6.8-1.6 1.6V12h2.8l-.4 2.9h-2.3v7C18.3 21.1 22 17 22 12c0-5.5-4.5-10-10-10z\"><\/path><\/svg><span class=\"wp-block-social-link-label screen-reader-text\">Facebook<\/span><\/a><\/li>\n<li class=\"wp-social-link wp-social-link-tiktok  wp-block-social-link\"><a href=\"https:\/\/www.tiktok.com\/@parinyawadi?lang=th-TH\" class=\"wp-block-social-link-anchor\"><svg width=\"24\" height=\"24\" viewBox=\"0 0 32 32\" version=\"1.1\" xmlns=\"http:\/\/www.w3.org\/2000\/svg\" aria-hidden=\"true\" focusable=\"false\"><path d=\"M16.708 0.027c1.745-0.027 3.48-0.011 5.213-0.027 0.105 2.041 0.839 4.12 2.333 5.563 1.491 1.479 3.6 2.156 5.652 2.385v5.369c-1.923-0.063-3.855-0.463-5.6-1.291-0.76-0.344-1.468-0.787-2.161-1.24-0.009 3.896 0.016 7.787-0.025 11.667-0.104 1.864-0.719 3.719-1.803 5.255-1.744 2.557-4.771 4.224-7.88 4.276-1.907 0.109-3.812-0.411-5.437-1.369-2.693-1.588-4.588-4.495-4.864-7.615-0.032-0.667-0.043-1.333-0.016-1.984 0.24-2.537 1.495-4.964 3.443-6.615 2.208-1.923 5.301-2.839 8.197-2.297 0.027 1.975-0.052 3.948-0.052 5.923-1.323-0.428-2.869-0.308-4.025 0.495-0.844 0.547-1.485 1.385-1.819 2.333-0.276 0.676-0.197 1.427-0.181 2.145 0.317 2.188 2.421 4.027 4.667 3.828 1.489-0.016 2.916-0.88 3.692-2.145 0.251-0.443 0.532-0.896 0.547-1.417 0.131-2.385 0.079-4.76 0.095-7.145 0.011-5.375-0.016-10.735 0.025-16.093z\" \/><\/svg><span class=\"wp-block-social-link-label screen-reader-text\">TikTok<\/span><\/a><\/li>\n<\/ul>\n\r\n\r\n\r\n<p>&nbsp;<\/p>\r\n","protected":false},"excerpt":{"rendered":"<p>Hier kannst du wundersch\u00f6ne Geschenke f\u00fcr deine Liebsten oder dich selbst kaufen. Alles ist reine Handarbeit und wird mit viel Liebe von Hong selbst hergestellt. Selbstverst\u00e4ndlich sind auf Anfrage auch \u00c4nderungen oder eigene Kreationen m\u00f6glich. Nutze dazu einfach die Kontaktm\u00f6glichkeiten Folge mir auf Social Media &nbsp;<\/p>\n","protected":false},"author":1,"featured_media":0,"parent":0,"menu_order":0,"comment_status":"closed","ping_status":"closed","template":"","meta":{"footnotes":""},"class_list":["post-13","page","type-page","status-publish","hentry"],"_links":{"self":[{"href":"https:\/\/huahingifts.com\/index.php?rest_route=\/wp\/v2\/pages\/13","targetHints":{"allow":["GET"]}}],"collection":[{"href":"https:\/\/huahingifts.com\/index.php?rest_route=\/wp\/v2\/pages"}],"about":[{"href":"https:\/\/huahingifts.com\/index.php?rest_route=\/wp\/v2\/types\/page"}],"author":[{"embeddable":true,"href":"https:\/\/huahingifts.com\/index.php?rest_route=\/wp\/v2\/users\/1"}],"replies":[{"embeddable":true,"href":"https:\/\/huahingifts.com\/index.php?rest_route=%2Fwp%2Fv2%2Fcomments&post=13"}],"version-history":[{"count":8,"href":"https:\/\/huahingifts.com\/index.php?rest_route=\/wp\/v2\/pages\/13\/revisions"}],"predecessor-version":[{"id":658,"href":"https:\/\/huahingifts.com\/index.php?rest_route=\/wp\/v2\/pages\/13\/revisions\/658"}],"wp:attachment":[{"href":"https:\/\/huahingifts.com\/index.php?rest_route=%2Fwp%2Fv2%2Fmedia&parent=13"}],"curies":[{"name":"wp","href":"https:\/\/api.w.org\/{rel}","templated":true}]}}